{"id":88,"date":"2017-11-23T18:46:50","date_gmt":"2017-11-23T18:46:50","guid":{"rendered":"http:\/\/familie-petters.de\/?page_id=88"},"modified":"2017-11-23T20:19:40","modified_gmt":"2017-11-23T20:19:40","slug":"impressum","status":"publish","type":"page","link":"https:\/\/familie-petters.de\/?page_id=88","title":{"rendered":"Impressum"},"content":{"rendered":"<p><span class=\"fontstyle0\">Impressum<br \/>\n<\/span><span class=\"fontstyle0\">Angaben gem\u00e4\u00df \u00a7 5 TMG:<br \/>\n<\/span><span class=\"fontstyle2\">Christian Petters<br \/>\nM\u00fchlenr\u00f6tschen 77<br \/>\n52223 Stolberg<br \/>\n<\/span><span class=\"fontstyle2\">E-Mail: info(at)familie-petters.de<br \/>\n<\/span><span class=\"fontstyle0\">Haftung f\u00fcr Inhalte<br \/>\n<\/span><span class=\"fontstyle2\">Als Diensteanbieter sind wir gem\u00e4\u00df \u00a7 7 Abs.1 TMG f\u00fcr eigene Inhalte auf diesen Seiten nach den<br \/>\nallgemeinen Gesetzen verantwortlich. Nach \u00a7\u00a7 8 bis 10 TMG sind wir als Diensteanbieter jedoch nicht<br \/>\nverpflichtet, \u00fcbermittelte oder gespeicherte fremde Informationen zu \u00fcberwachen oder nach Umst\u00e4nden<br \/>\nzu forschen, die auf eine rechtswidrige T\u00e4tigkeit hinweisen.<br \/>\nVerpflichtungen zur Entfernung oder Sperrung der Nutzung von Informationen nach den allgemeinen<br \/>\nGesetzen bleiben hiervon unber\u00fchrt. Eine diesbez\u00fcgliche Haftung ist jedoch erst ab dem Zeitpunkt der<br \/>\nKenntnis einer konkreten Rechtsverletzung m\u00f6glich. Bei Bekanntwerden von entsprechenden<br \/>\nRechtsverletzungen werden wir diese Inhalte umgehend entfernen.<br \/>\n<\/span><span class=\"fontstyle0\">Haftung f\u00fcr Links<br \/>\n<\/span><span class=\"fontstyle2\">Unser Angebot enth\u00e4lt Links zu externen Webseiten Dritter, auf deren Inhalte wir keinen Einfluss haben.<br \/>\nDeshalb k\u00f6nnen wir f\u00fcr diese fremden Inhalte auch keine Gew\u00e4hr \u00fcbernehmen. F\u00fcr die Inhalte der<br \/>\nverlinkten Seiten ist stets der jeweilige Anbieter oder Betreiber der Seiten verantwortlich. Die verlinkten<br \/>\nSeiten wurden zum Zeitpunkt der Verlinkung auf m\u00f6gliche Rechtsverst\u00f6\u00dfe \u00fcberpr\u00fcft. Rechtswidrige<br \/>\nInhalte waren zum Zeitpunkt der Verlinkung nicht erkennbar.<br \/>\nEine permanente inhaltliche Kontrolle der verlinkten Seiten ist jedoch ohne konkrete Anhaltspunkte einer<\/span><br \/>\n<span class=\"fontstyle2\">Rechtsverletzung nicht zumutbar. Bei Bekanntwerden von Rechtsverletzungen werden wir derartige Links<br \/>\numgehend entfernen.<br \/>\n<\/span><span class=\"fontstyle0\">Urheberrecht<br \/>\n<\/span><span class=\"fontstyle2\">Die durch die Seitenbetreiber erstellten Inhalte und Werke auf diesen Seiten unterliegen dem deutschen<br \/>\nUrheberrecht. Die Vervielf\u00e4ltigung, Bearbeitung, Verbreitung und jede Art der Verwertung au\u00dferhalb der<br \/>\nGrenzen des Urheberrechtes bed\u00fcrfen der schriftlichen Zustimmung des jeweiligen Autors bzw.<br \/>\nErstellers. Downloads und Kopien dieser Seite sind nur f\u00fcr den privaten, nicht kommerziellen Gebrauch<br \/>\ngestattet.<br \/>\nSoweit die Inhalte auf dieser Seite nicht vom Betreiber erstellt wurden, werden die Urheberrechte Dritter<br \/>\nbeachtet. Insbesondere werden Inhalte Dritter als solche gekennzeichnet. Sollten Sie trotzdem auf eine<br \/>\nUrheberrechtsverletzung aufmerksam werden, bitten wir um einen entsprechenden Hinweis. Bei<br \/>\nBekanntwerden von Rechtsverletzungen werden wir derartige Inhalte umgehend entfernen.<br \/>\nQuelle: <\/span><span class=\"fontstyle2\">e-recht24.de<br \/>\n<\/span><span class=\"fontstyle2\">Quellcode<br \/>\n<\/span><span class=\"fontstyle0\">Quellcode Ihres Impressums f\u00fcr Ihre Webseite<br \/>\n<\/span><span class=\"fontstyle2\">Den nachfolgenden Quellcode k\u00f6nnen Sie kopieren, um das Impressum auf Ihrer Webseite einzuf\u00fcgen.<br \/>\n&lt;h1&gt;Impressum&lt;\/h1&gt; &lt;h2&gt;Angaben gem\u00e4\u00df \u00a7 5 TMG:&lt;\/h2&gt; &lt;p&gt;Christian Petters&lt;br \/&gt;<br \/>\nM\u00fchlenr\u00f6tschen 77&lt;br \/&gt; Geb\u00e4ude 44&lt;br \/&gt; 52223 Stolberg&lt;\/p&gt; &lt;h2&gt;Kontakt:&lt;\/h2&gt; &lt;p&gt;<br \/>\nTelefon: +49 (0) 123 44 55 66&lt;br \/&gt; Telefax: +49 (0) 123 44 55 99&lt;br \/&gt; E-Mail: info@familiepetters.de&lt;\/p&gt; &lt;h2&gt;Haftung f\u00fcr Inhalte&lt;\/h2&gt; &lt;p&gt;Als Diensteanbieter sind wir gem\u00e4\u00df<br \/>\n\u00a7 7 Abs.1 TMG f\u00fcr eigene Inhalte auf diesen Seiten nach den allgemeinen Gesetzen<br \/>\nverantwortlich. Nach \u00a7\u00a7 8 bis 10 TMG sind wir als Diensteanbieter jedoch nicht verpflichtet,<br \/>\n\u00fcbermittelte oder gespeicherte fremde Informationen zu \u00fcberwachen oder nach<br \/>\nUmst\u00e4nden zu forschen, die auf eine rechtswidrige T\u00e4tigkeit hinweisen.&lt;\/p&gt; &lt;p&gt;<br \/>\nVerpflichtungen zur Entfernung oder Sperrung der Nutzung von Informationen nach den allgemeinen<br \/>\nGesetzen bleiben hiervon unber\u00fchrt. Eine diesbez\u00fcgliche Haftung ist jedoch erst ab dem<br \/>\nZeitpunkt der Kenntnis einer konkreten Rechtsverletzung m\u00f6glich. Bei Bekanntwerden von<br \/>\nentsprechenden Rechtsverletzungen werden wir diese Inhalte umgehend entfernen.&lt;\/p&gt; &lt;h2&gt;Haftung<br \/>\nf\u00fcr Links&lt;\/h2&gt; &lt;p&gt;Unser Angebot enth\u00e4lt Links zu externen Webseiten Dritter, auf deren<br \/>\nInhalte wir keinen Einfluss haben. Deshalb k\u00f6nnen wir f\u00fcr diese fremden Inhalte auch keine<br \/>\nGew\u00e4hr \u00fcbernehmen. F\u00fcr die Inhalte der verlinkten Seiten ist stets der jeweilige Anbieter<br \/>\noder Betreiber der Seiten verantwortlich. Die verlinkten Seiten wurden zum Zeitpunkt der Verlinkung auf<br \/>\nm\u00f6gliche Rechtsverst\u00f6\u00dfe \u00fcberpr\u00fcft. Rechtswidrige Inhalte waren zum<br \/>\nZeitpunkt der Verlinkung nicht erkennbar.&lt;\/p&gt; &lt;p&gt;Eine permanente inhaltliche Kontrolle der verlinkten<br \/>\nSeiten ist jedoch ohne konkrete Anhaltspunkte einer Rechtsverletzung nicht zumutbar. Bei<br \/>\nBekanntwerden von Rechtsverletzungen werden wir derartige Links umgehend entfernen.&lt;\/p&gt; &lt;h2&gt;<br \/>\nUrheberrecht&lt;\/h2&gt; &lt;p&gt;Die durch die Seitenbetreiber erstellten Inhalte und Werke auf diesen Seiten<br \/>\nunterliegen dem deutschen Urheberrecht. Die Vervielf\u00e4ltigung, Bearbeitung, Verbreitung und jede<br \/>\nArt der Verwertung au\u00dferhalb der Grenzen des Urheberrechtes bed\u00fcrfen der schriftlichen<br \/>\nZustimmung des jeweiligen Autors bzw. Erstellers. Downloads und Kopien dieser Seite sind nur f\u00fcr<br \/>\nden privaten, nicht kommerziellen Gebrauch gestattet.&lt;\/p&gt; &lt;p&gt;Soweit die Inhalte auf dieser Seite nicht<br \/>\nvom Betreiber erstellt wurden, werden die Urheberrechte Dritter beachtet. Insbesondere werden Inhalte<br \/>\nDritter als solche gekennzeichnet. Sollten Sie trotzdem auf eine Urheberrechtsverletzung aufmerksam<br \/>\nwerden, bitten wir um einen entsprechenden Hinweis. Bei Bekanntwerden von Rechtsverletzungen<\/span><br \/>\n<span class=\"fontstyle2\">werden wir derartige Inhalte umgehend entfernen.&lt;\/p&gt; &lt;p&gt;Quelle: &lt;a href=&#8220;https:\/\/www.e-recht24.de&#8220;&gt;erecht24.de&lt;\/a&gt;&lt;\/p&gt;<\/span><\/p>\n","protected":false},"excerpt":{"rendered":"<p>Impressum Angaben gem\u00e4\u00df \u00a7 5 TMG: Christian Petters M\u00fchlenr\u00f6tschen 77 52223 Stolberg E-Mail: info(at)familie-petters.de Haftung f\u00fcr Inhalte Als Diensteanbieter sind wir gem\u00e4\u00df \u00a7 7 Abs.1 TMG f\u00fcr eigene Inhalte auf diesen Seiten nach den allgemeinen Gesetzen verantwortlich. Nach \u00a7\u00a7 8 bis 10 TMG sind wir als Diensteanbieter jedoch nicht verpflichtet, \u00fcbermittelte oder gespeicherte fremde Informationen &hellip; <\/p>\n<p class=\"link-more\"><a href=\"https:\/\/familie-petters.de\/?page_id=88\" class=\"more-link\"><span class=\"screen-reader-text\">\u201eImpressum\u201c<\/span> weiterlesen<\/a><\/p>\n","protected":false},"author":1,"featured_media":0,"parent":0,"menu_order":0,"comment_status":"closed","ping_status":"closed","template":"","meta":{"footnotes":""},"class_list":["post-88","page","type-page","status-publish","hentry"],"_links":{"self":[{"href":"https:\/\/familie-petters.de\/index.php?rest_route=\/wp\/v2\/pages\/88","targetHints":{"allow":["GET"]}}],"collection":[{"href":"https:\/\/familie-petters.de\/index.php?rest_route=\/wp\/v2\/pages"}],"about":[{"href":"https:\/\/familie-petters.de\/index.php?rest_route=\/wp\/v2\/types\/page"}],"author":[{"embeddable":true,"href":"https:\/\/familie-petters.de\/index.php?rest_route=\/wp\/v2\/users\/1"}],"replies":[{"embeddable":true,"href":"https:\/\/familie-petters.de\/index.php?rest_route=%2Fwp%2Fv2%2Fcomments&post=88"}],"version-history":[{"count":3,"href":"https:\/\/familie-petters.de\/index.php?rest_route=\/wp\/v2\/pages\/88\/revisions"}],"predecessor-version":[{"id":150,"href":"https:\/\/familie-petters.de\/index.php?rest_route=\/wp\/v2\/pages\/88\/revisions\/150"}],"wp:attachment":[{"href":"https:\/\/familie-petters.de\/index.php?rest_route=%2Fwp%2Fv2%2Fmedia&parent=88"}],"curies":[{"name":"wp","href":"https:\/\/api.w.org\/{rel}","templated":true}]}}