{"id":45,"date":"2017-11-23T17:58:58","date_gmt":"2017-11-23T17:58:58","guid":{"rendered":"http:\/\/familie-petters.de\/?page_id=45"},"modified":"2018-07-12T09:32:44","modified_gmt":"2018-07-12T09:32:44","slug":"startseite","status":"publish","type":"page","link":"https:\/\/familie-petters.de\/","title":{"rendered":"Startseite"},"content":{"rendered":"<h1>Herzlich wilkommen<\/h1>\n<p>Hier wird demn\u00e4chst unser kleiner Reiseblog entstehen, wir w\u00fcnschen Euch viel Spa\u00df beim entdecken.<\/p>\n","protected":false},"excerpt":{"rendered":"<p>Herzlich wilkommen Hier wird demn\u00e4chst unser kleiner Reiseblog entstehen, wir w\u00fcnschen Euch viel Spa\u00df beim entdecken.<\/p>\n","protected":false},"author":1,"featured_media":0,"parent":0,"menu_order":0,"comment_status":"closed","ping_status":"closed","template":"","meta":{"footnotes":""},"class_list":["post-45","page","type-page","status-publish","hentry"],"_links":{"self":[{"href":"https:\/\/familie-petters.de\/index.php?rest_route=\/wp\/v2\/pages\/45","targetHints":{"allow":["GET"]}}],"collection":[{"href":"https:\/\/familie-petters.de\/index.php?rest_route=\/wp\/v2\/pages"}],"about":[{"href":"https:\/\/familie-petters.de\/index.php?rest_route=\/wp\/v2\/types\/page"}],"author":[{"embeddable":true,"href":"https:\/\/familie-petters.de\/index.php?rest_route=\/wp\/v2\/users\/1"}],"replies":[{"embeddable":true,"href":"https:\/\/familie-petters.de\/index.php?rest_route=%2Fwp%2Fv2%2Fcomments&post=45"}],"version-history":[{"count":4,"href":"https:\/\/familie-petters.de\/index.php?rest_route=\/wp\/v2\/pages\/45\/revisions"}],"predecessor-version":[{"id":195,"href":"https:\/\/familie-petters.de\/index.php?rest_route=\/wp\/v2\/pages\/45\/revisions\/195"}],"wp:attachment":[{"href":"https:\/\/familie-petters.de\/index.php?rest_route=%2Fwp%2Fv2%2Fmedia&parent=45"}],"curies":[{"name":"wp","href":"https:\/\/api.w.org\/{rel}","templated":true}]}}